{"id":524,"date":"2020-07-11T16:06:48","date_gmt":"2020-07-11T15:06:48","guid":{"rendered":"https:\/\/kuadrat.at\/?page_id=524"},"modified":"2020-07-11T16:06:48","modified_gmt":"2020-07-11T15:06:48","slug":"kuadrat-box","status":"publish","type":"page","link":"https:\/\/kuadrat.at\/?page_id=524","title":{"rendered":"KUADRAT BOX"},"content":{"rendered":"\n<p><strong>KUBO<\/strong><\/p>\n\n\n\n<p>Die Schlafbox von KUADRAT.<\/p>\n\n\n\n<p>Ohne Werkzeug in wenigen Minuten aufbaubar.<\/p>\n\n\n\n<p>Die ideale L\u00f6sung f\u00fcr Handwerker, Sportler &amp; Entdecker.<\/p>\n\n\n\n<p>Maximale Nutzung des Laderaums (4 Eurokisten 60&#215;40 cm + 4 Eurokisten 40&#215;30 cm + K\u00fchlbox, Foto-Rucksack)<\/p>\n\n\n\n<p>Zus\u00e4tzliche Diebstahlsicherung &amp; Transportsicherung<\/p>\n\n\n\n<p>L\u00e4sst sich bei Nicht-Gebrauch platzsparend lagern.<\/p>\n\n\n\n<p>Naturprodukt Holz und somit recycelbar.<\/p>\n","protected":false},"excerpt":{"rendered":"<p>KUBO Die Schlafbox von KUADRAT. Ohne Werkzeug in wenigen Minuten aufbaubar. Die ideale L\u00f6sung f\u00fcr Handwerker, Sportler &amp; Entdecker. Maximale Nutzung des Laderaums (4 Eurokisten 60&#215;40 cm + 4 Eurokisten 40&#215;30 cm + K\u00fchlbox, Foto-Rucksack) Zus\u00e4tzliche Diebstahlsicherung &amp; Transportsicherung L\u00e4sst sich bei Nicht-Gebrauch platzsparend lagern. Naturprodukt Holz und somit recycelbar.<\/p>\n","protected":false},"author":1,"featured_media":0,"parent":0,"menu_order":4,"comment_status":"closed","ping_status":"closed","template":"","meta":[],"_links":{"self":[{"href":"https:\/\/kuadrat.at\/index.php?rest_route=\/wp\/v2\/pages\/524"}],"collection":[{"href":"https:\/\/kuadrat.at\/index.php?rest_route=\/wp\/v2\/pages"}],"about":[{"href":"https:\/\/kuadrat.at\/index.php?rest_route=\/wp\/v2\/types\/page"}],"author":[{"embeddable":true,"href":"https:\/\/kuadrat.at\/index.php?rest_route=\/wp\/v2\/users\/1"}],"replies":[{"embeddable":true,"href":"https:\/\/kuadrat.at\/index.php?rest_route=%2Fwp%2Fv2%2Fcomments&post=524"}],"version-history":[{"count":1,"href":"https:\/\/kuadrat.at\/index.php?rest_route=\/wp\/v2\/pages\/524\/revisions"}],"predecessor-version":[{"id":525,"href":"https:\/\/kuadrat.at\/index.php?rest_route=\/wp\/v2\/pages\/524\/revisions\/525"}],"wp:attachment":[{"href":"https:\/\/kuadrat.at\/index.php?rest_route=%2Fwp%2Fv2%2Fmedia&parent=524"}],"curies":[{"name":"wp","href":"https:\/\/api.w.org\/{rel}","templated":true}]}}