{"id":392,"date":"2014-02-17T18:19:32","date_gmt":"2014-02-17T17:19:32","guid":{"rendered":"http:\/\/kuadrat.wegi.net\/?page_id=392"},"modified":"2014-02-17T18:22:38","modified_gmt":"2014-02-17T17:22:38","slug":"stand-setfotografie","status":"publish","type":"page","link":"https:\/\/kuadrat.at\/?page_id=392","title":{"rendered":"Stand- &#038; Setfotografie"},"content":{"rendered":"<p>Stand- &amp; Setfotografie i.A. von PRoduktionsfirmen &amp; Filmf\u00f6rderanstalten.<\/p>\n<p>Kunden: INFA Film M\u00fcnchen, Allegro Film Wien, BLS S\u00fcdtirol<\/p>\n<figure id=\"attachment_393\" aria-describedby=\"caption-attachment-393\" style=\"width: 1020px\" class=\"wp-caption alignnone\"><a href=\"http:\/\/kuadrat.wegi.net\/wp-content\/uploads\/2014\/02\/Gletscherblut_21.08.12_KUADRAT-1207-20x36.jpg\"><img loading=\"lazy\" class=\"size-full wp-image-393\" alt=\"Standfotografie, Setfotografie, Film, S\u00fcdtirol, Salzburg\" src=\"http:\/\/kuadrat.wegi.net\/wp-content\/uploads\/2014\/02\/Gletscherblut_21.08.12_KUADRAT-1207-20x36.jpg\" width=\"1020\" height=\"454\" srcset=\"https:\/\/kuadrat.at\/wp-content\/uploads\/2014\/02\/Gletscherblut_21.08.12_KUADRAT-1207-20x36.jpg 1020w, https:\/\/kuadrat.at\/wp-content\/uploads\/2014\/02\/Gletscherblut_21.08.12_KUADRAT-1207-20x36-300x133.jpg 300w\" sizes=\"(max-width: 1020px) 100vw, 1020px\" \/><\/a><figcaption id=\"caption-attachment-393\" class=\"wp-caption-text\">Bltgletscher<br \/>Standfotografie<br \/>Regie: Marvin Kren<br \/>i.A. Allegro Film Wien<br \/>Fotos \u00a9 Harald Kienzl<\/figcaption><\/figure>\n<p><a href=\"http:\/\/kuadrat.wegi.net\/wp-content\/uploads\/2014\/02\/Gletscherblut_17.08.12_KUADRAT-514-20x36.jpg\"><img loading=\"lazy\" class=\"alignnone  wp-image-397\" alt=\"Gletscherblut\" src=\"http:\/\/kuadrat.wegi.net\/wp-content\/uploads\/2014\/02\/Gletscherblut_17.08.12_KUADRAT-514-20x36.jpg\" width=\"630\" height=\"280\" srcset=\"https:\/\/kuadrat.at\/wp-content\/uploads\/2014\/02\/Gletscherblut_17.08.12_KUADRAT-514-20x36.jpg 1020w, https:\/\/kuadrat.at\/wp-content\/uploads\/2014\/02\/Gletscherblut_17.08.12_KUADRAT-514-20x36-300x133.jpg 300w\" sizes=\"(max-width: 630px) 100vw, 630px\" \/><\/a><a href=\"http:\/\/kuadrat.wegi.net\/wp-content\/uploads\/2014\/02\/Gletscherblut_17.08.12_KUADRAT-870-20x36.jpg\"><img loading=\"lazy\" class=\"alignnone size-large wp-image-398\" alt=\"Gletscherblut\" src=\"http:\/\/kuadrat.wegi.net\/wp-content\/uploads\/2014\/02\/Gletscherblut_17.08.12_KUADRAT-870-20x36.jpg\" width=\"630\" height=\"280\" srcset=\"https:\/\/kuadrat.at\/wp-content\/uploads\/2014\/02\/Gletscherblut_17.08.12_KUADRAT-870-20x36.jpg 1020w, https:\/\/kuadrat.at\/wp-content\/uploads\/2014\/02\/Gletscherblut_17.08.12_KUADRAT-870-20x36-300x133.jpg 300w\" sizes=\"(max-width: 630px) 100vw, 630px\" \/><\/a><a href=\"http:\/\/kuadrat.wegi.net\/wp-content\/uploads\/2014\/02\/Gletscherblut_21.08.12_KUADRAT-1351-20x36.jpg\"><img loading=\"lazy\" class=\"alignnone size-large wp-image-394\" alt=\"Gletscherblut\" src=\"http:\/\/kuadrat.wegi.net\/wp-content\/uploads\/2014\/02\/Gletscherblut_21.08.12_KUADRAT-1351-20x36.jpg\" width=\"630\" height=\"280\" srcset=\"https:\/\/kuadrat.at\/wp-content\/uploads\/2014\/02\/Gletscherblut_21.08.12_KUADRAT-1351-20x36.jpg 1020w, https:\/\/kuadrat.at\/wp-content\/uploads\/2014\/02\/Gletscherblut_21.08.12_KUADRAT-1351-20x36-300x133.jpg 300w\" sizes=\"(max-width: 630px) 100vw, 630px\" \/><\/a> <a href=\"http:\/\/kuadrat.wegi.net\/wp-content\/uploads\/2014\/02\/Gletscherblut_21.08.12_KUADRAT-1008-20x36.jpg\"><img loading=\"lazy\" class=\"alignnone size-large wp-image-399\" alt=\"Gletscherblut\" src=\"http:\/\/kuadrat.wegi.net\/wp-content\/uploads\/2014\/02\/Gletscherblut_21.08.12_KUADRAT-1008-20x36.jpg\" width=\"630\" height=\"280\" srcset=\"https:\/\/kuadrat.at\/wp-content\/uploads\/2014\/02\/Gletscherblut_21.08.12_KUADRAT-1008-20x36.jpg 1020w, https:\/\/kuadrat.at\/wp-content\/uploads\/2014\/02\/Gletscherblut_21.08.12_KUADRAT-1008-20x36-300x133.jpg 300w\" sizes=\"(max-width: 630px) 100vw, 630px\" \/><\/a><a href=\"http:\/\/kuadrat.wegi.net\/wp-content\/uploads\/2014\/02\/Gletscherblut_08.08.12_KUADRAT-268-20x36.jpg\"><img loading=\"lazy\" class=\"alignnone size-large wp-image-395\" alt=\"Gletscherblut\" src=\"http:\/\/kuadrat.wegi.net\/wp-content\/uploads\/2014\/02\/Gletscherblut_08.08.12_KUADRAT-268-20x36.jpg\" width=\"630\" height=\"280\" srcset=\"https:\/\/kuadrat.at\/wp-content\/uploads\/2014\/02\/Gletscherblut_08.08.12_KUADRAT-268-20x36.jpg 1020w, https:\/\/kuadrat.at\/wp-content\/uploads\/2014\/02\/Gletscherblut_08.08.12_KUADRAT-268-20x36-300x133.jpg 300w\" sizes=\"(max-width: 630px) 100vw, 630px\" \/><\/a> <a href=\"http:\/\/kuadrat.wegi.net\/wp-content\/uploads\/2014\/02\/Gletscherblut_08.08.12_KUADRAT-359-20x36.jpg\"><img loading=\"lazy\" class=\"alignnone size-large wp-image-396\" alt=\"Gletscherblut\" src=\"http:\/\/kuadrat.wegi.net\/wp-content\/uploads\/2014\/02\/Gletscherblut_08.08.12_KUADRAT-359-20x36.jpg\" width=\"630\" height=\"280\" srcset=\"https:\/\/kuadrat.at\/wp-content\/uploads\/2014\/02\/Gletscherblut_08.08.12_KUADRAT-359-20x36.jpg 1020w, https:\/\/kuadrat.at\/wp-content\/uploads\/2014\/02\/Gletscherblut_08.08.12_KUADRAT-359-20x36-300x133.jpg 300w\" sizes=\"(max-width: 630px) 100vw, 630px\" \/><\/a><\/p>\n","protected":false},"excerpt":{"rendered":"<p>Stand- &amp; Setfotografie i.A. von PRoduktionsfirmen &amp; Filmf\u00f6rderanstalten. Kunden: INFA Film M\u00fcnchen, Allegro Film Wien, BLS S\u00fcdtirol<\/p>\n","protected":false},"author":1,"featured_media":393,"parent":21,"menu_order":10,"comment_status":"open","ping_status":"open","template":"","meta":[],"_links":{"self":[{"href":"https:\/\/kuadrat.at\/index.php?rest_route=\/wp\/v2\/pages\/392"}],"collection":[{"href":"https:\/\/kuadrat.at\/index.php?rest_route=\/wp\/v2\/pages"}],"about":[{"href":"https:\/\/kuadrat.at\/index.php?rest_route=\/wp\/v2\/types\/page"}],"author":[{"embeddable":true,"href":"https:\/\/kuadrat.at\/index.php?rest_route=\/wp\/v2\/users\/1"}],"replies":[{"embeddable":true,"href":"https:\/\/kuadrat.at\/index.php?rest_route=%2Fwp%2Fv2%2Fcomments&post=392"}],"version-history":[{"count":3,"href":"https:\/\/kuadrat.at\/index.php?rest_route=\/wp\/v2\/pages\/392\/revisions"}],"predecessor-version":[{"id":402,"href":"https:\/\/kuadrat.at\/index.php?rest_route=\/wp\/v2\/pages\/392\/revisions\/402"}],"up":[{"embeddable":true,"href":"https:\/\/kuadrat.at\/index.php?rest_route=\/wp\/v2\/pages\/21"}],"wp:featuredmedia":[{"embeddable":true,"href":"https:\/\/kuadrat.at\/index.php?rest_route=\/wp\/v2\/media\/393"}],"wp:attachment":[{"href":"https:\/\/kuadrat.at\/index.php?rest_route=%2Fwp%2Fv2%2Fmedia&parent=392"}],"curies":[{"name":"wp","href":"https:\/\/api.w.org\/{rel}","templated":true}]}}