{"id":293,"date":"2013-03-18T15:15:34","date_gmt":"2013-03-18T14:15:34","guid":{"rendered":"http:\/\/kuadrat.wegi.net\/?page_id=293"},"modified":"2013-03-18T15:56:11","modified_gmt":"2013-03-18T14:56:11","slug":"kunstler","status":"publish","type":"page","link":"https:\/\/kuadrat.at\/?page_id=293","title":{"rendered":"K\u00fcnstler"},"content":{"rendered":"<p>Aktionsk\u00fcnstler, Akademische K\u00fcnstler, Moderatoren,\u00a0 Musiker, Schauspieler, Theaterschaffende<\/p>\n<p>KUADRAT findet f\u00fcr jedes Anliegen und jeden Charakter die individuelle Bildl\u00f6sung<\/p>\n<figure id=\"attachment_128\" aria-describedby=\"caption-attachment-128\" style=\"width: 630px\" class=\"wp-caption alignnone\"><a href=\"http:\/\/kuadrat.wegi.net\/wp-content\/uploads\/2013\/03\/KUADRAT-KG-Vitrine-19.10.11-13.jpg\"><img loading=\"lazy\" class=\"size-large wp-image-128\" alt=\"Kraxentrouga\" src=\"http:\/\/kuadrat.wegi.net\/wp-content\/uploads\/2013\/03\/KUADRAT-KG-Vitrine-19.10.11-13-1024x576.jpg\" width=\"630\" height=\"354\" srcset=\"https:\/\/kuadrat.at\/wp-content\/uploads\/2013\/03\/KUADRAT-KG-Vitrine-19.10.11-13-1024x576.jpg 1024w, https:\/\/kuadrat.at\/wp-content\/uploads\/2013\/03\/KUADRAT-KG-Vitrine-19.10.11-13-300x168.jpg 300w, https:\/\/kuadrat.at\/wp-content\/uploads\/2013\/03\/KUADRAT-KG-Vitrine-19.10.11-13.jpg 1920w\" sizes=\"(max-width: 630px) 100vw, 630px\" \/><\/a><figcaption id=\"caption-attachment-128\" class=\"wp-caption-text\">Kraxentrouga<\/figcaption><\/figure>\n","protected":false},"excerpt":{"rendered":"<p>Aktionsk\u00fcnstler, Akademische K\u00fcnstler, Moderatoren,\u00a0 Musiker, Schauspieler, Theaterschaffende KUADRAT findet f\u00fcr jedes Anliegen und jeden Charakter die individuelle Bildl\u00f6sung<\/p>\n","protected":false},"author":1,"featured_media":0,"parent":273,"menu_order":0,"comment_status":"closed","ping_status":"open","template":"","meta":[],"_links":{"self":[{"href":"https:\/\/kuadrat.at\/index.php?rest_route=\/wp\/v2\/pages\/293"}],"collection":[{"href":"https:\/\/kuadrat.at\/index.php?rest_route=\/wp\/v2\/pages"}],"about":[{"href":"https:\/\/kuadrat.at\/index.php?rest_route=\/wp\/v2\/types\/page"}],"author":[{"embeddable":true,"href":"https:\/\/kuadrat.at\/index.php?rest_route=\/wp\/v2\/users\/1"}],"replies":[{"embeddable":true,"href":"https:\/\/kuadrat.at\/index.php?rest_route=%2Fwp%2Fv2%2Fcomments&post=293"}],"version-history":[{"count":4,"href":"https:\/\/kuadrat.at\/index.php?rest_route=\/wp\/v2\/pages\/293\/revisions"}],"predecessor-version":[{"id":302,"href":"https:\/\/kuadrat.at\/index.php?rest_route=\/wp\/v2\/pages\/293\/revisions\/302"}],"up":[{"embeddable":true,"href":"https:\/\/kuadrat.at\/index.php?rest_route=\/wp\/v2\/pages\/273"}],"wp:attachment":[{"href":"https:\/\/kuadrat.at\/index.php?rest_route=%2Fwp%2Fv2%2Fmedia&parent=293"}],"curies":[{"name":"wp","href":"https:\/\/api.w.org\/{rel}","templated":true}]}}