{"id":273,"date":"2013-03-18T15:00:23","date_gmt":"2013-03-18T14:00:23","guid":{"rendered":"http:\/\/kuadrat.wegi.net\/?page_id=273"},"modified":"2020-07-11T15:56:24","modified_gmt":"2020-07-11T14:56:24","slug":"kunst-kultur","status":"publish","type":"page","link":"https:\/\/kuadrat.at\/?page_id=273","title":{"rendered":"KUNST &#038; KULTUR"},"content":{"rendered":"<p>KUADRAT FOTOGRAFIE bietet K\u00fcnstlern &amp; Kulturschaffenden professionelle Dienstleistungen, etwa wenn es darum geht, eigene Werke f\u00fcr einen Ausstellungskatalog abzulichten.<\/p>\n<p>KUADRAT FOTOGRAFIE unterst\u00fctzt Sie bei PR Aktivit\u00e4ten.<\/p>\n<p>https:\/\/www.facebook.com\/www.kuadrat.eu\/<\/p>\n<p>\u00a0<\/p>\n\n\n<p><\/p>\n","protected":false},"excerpt":{"rendered":"<p>KUADRAT FOTOGRAFIE bietet K\u00fcnstlern &amp; Kulturschaffenden professionelle Dienstleistungen, etwa wenn es darum geht, eigene Werke f\u00fcr einen Ausstellungskatalog abzulichten. KUADRAT FOTOGRAFIE unterst\u00fctzt Sie bei PR Aktivit\u00e4ten. https:\/\/www.facebook.com\/www.kuadrat.eu\/ \u00a0<\/p>\n","protected":false},"author":1,"featured_media":0,"parent":0,"menu_order":3,"comment_status":"closed","ping_status":"open","template":"page-full_width.php","meta":[],"_links":{"self":[{"href":"https:\/\/kuadrat.at\/index.php?rest_route=\/wp\/v2\/pages\/273"}],"collection":[{"href":"https:\/\/kuadrat.at\/index.php?rest_route=\/wp\/v2\/pages"}],"about":[{"href":"https:\/\/kuadrat.at\/index.php?rest_route=\/wp\/v2\/types\/page"}],"author":[{"embeddable":true,"href":"https:\/\/kuadrat.at\/index.php?rest_route=\/wp\/v2\/users\/1"}],"replies":[{"embeddable":true,"href":"https:\/\/kuadrat.at\/index.php?rest_route=%2Fwp%2Fv2%2Fcomments&post=273"}],"version-history":[{"count":11,"href":"https:\/\/kuadrat.at\/index.php?rest_route=\/wp\/v2\/pages\/273\/revisions"}],"predecessor-version":[{"id":516,"href":"https:\/\/kuadrat.at\/index.php?rest_route=\/wp\/v2\/pages\/273\/revisions\/516"}],"wp:attachment":[{"href":"https:\/\/kuadrat.at\/index.php?rest_route=%2Fwp%2Fv2%2Fmedia&parent=273"}],"curies":[{"name":"wp","href":"https:\/\/api.w.org\/{rel}","templated":true}]}}