{"id":247,"date":"2013-03-18T13:16:58","date_gmt":"2013-03-18T12:16:58","guid":{"rendered":"http:\/\/kuadrat.wegi.net\/?page_id=247"},"modified":"2013-12-10T17:07:59","modified_gmt":"2013-12-10T16:07:59","slug":"kuadrat-akademie","status":"publish","type":"page","link":"https:\/\/kuadrat.at\/?page_id=247","title":{"rendered":"KUADRAT Akademie"},"content":{"rendered":"<p>Fotokurse, Schulungen &amp; Foto-Workshops zu folgenden Themenschwerpunkten:<\/p>\n<p>Grund &#8211; &amp; Aufbaukurse Digitale Fotografie, Bildgestaltung, Lichtf\u00fchrung, Bildbearbeitung (Lightroom &amp; Adobe Photoshop), Naturfotografie, Portr\u00e4tfotografie, Presse &#8211; &amp; \u00d6ffentlichkeitsarbeit in Unternehmen, Reisefotografie, Produktfotografie &amp; Studiofotografie<\/p>\n<p>Ganztagesschulungen (Pressefotografie), Abendveranstaltungen, Wochenendtermine (Workshops &amp; Exkursionen)<\/p>\n<p>F\u00fcr Private, \u00d6ffentliche Einrichtungen, Unternehmen, Vereine &amp; Weiterbildungsorganisationen<\/p>\n<p>Bl\u00f6cke ab 8 &#8211; 12 &#8211; 16- 40Uh &#8211; Kosten ab 75-90\u20ac\/Uh + MwSt. (abh\u00e4ngig vom Thema, Vorbereitungszeit und Gesamtstundenzahl)<\/p>\n<p>Kunden: Bauernbund Bozen &amp; Bezirke, Berufsschule f\u00fcr Grafik Gutenberg Bozen, Berufsschule Tschuggmall Brixen, BFI Salzburg, Bildungsvereine, BLS Bozen, C-Link Bozen i.A. Bauernbund, EOS, Fakult\u00e4t f\u00fcr Design &amp; K\u00fcnste Bozen, Kassianeum Brixen, Kunstschule Pozza di Fassa, Institut f\u00fcr Kunstgeschichte Innsbruck, Kulturverein Brixen, KVW Bozen, Raiffeisenverband Bozen, Sanit\u00e4tseinheit Brixen, SMG S\u00fcdtirol, SVP, Theaterverband S\u00fcdtirol,\u00a0 TIS Bozen, Unterwirt Feldthurns, diverse Vereine &amp; Verb\u00e4nde (Braunviehzuchtverband, Verband f\u00fcr Obst &#8211; &amp; Weinbau), VHS Salzburg, Werbegrafik Brixen &amp; Meran, WIFI Bozen.<\/p>\n<p>Aktuelle Veranstaltungen &amp; Infos siehe bitte auch unter<\/p>\n<p><a title=\"KUADRAT Akademie\" href=\"http:\/\/www.facebook.com\/KUADRAT.Akademie\" target=\"_blank\">https:\/\/www.facebook.com\/KUADRAT.Akademie<\/a><\/p>\n<p>Freue mich \u00fcber Likes und Weiterempfehlung!<\/p>\n<p>&nbsp;<\/p>\n<p><a href=\"http:\/\/kuadrat.wegi.net\/wp-content\/uploads\/2013\/03\/KUADRAT-KG-Vitrine-19.10.11-83.jpg\"><img loading=\"lazy\" class=\"alignnone size-large wp-image-244\" alt=\"KUADRAT Akademie\" src=\"http:\/\/kuadrat.wegi.net\/wp-content\/uploads\/2013\/03\/KUADRAT-KG-Vitrine-19.10.11-83-1024x576.jpg\" width=\"630\" height=\"354\" srcset=\"https:\/\/kuadrat.at\/wp-content\/uploads\/2013\/03\/KUADRAT-KG-Vitrine-19.10.11-83-1024x576.jpg 1024w, https:\/\/kuadrat.at\/wp-content\/uploads\/2013\/03\/KUADRAT-KG-Vitrine-19.10.11-83-300x168.jpg 300w, https:\/\/kuadrat.at\/wp-content\/uploads\/2013\/03\/KUADRAT-KG-Vitrine-19.10.11-83.jpg 1920w\" sizes=\"(max-width: 630px) 100vw, 630px\" \/><\/a><\/p>\n<p>&nbsp;<\/p>\n<p>&nbsp;<\/p>\n","protected":false},"excerpt":{"rendered":"<p>Fotokurse, Schulungen &amp; Foto-Workshops zu folgenden Themenschwerpunkten: Grund &#8211; &amp; Aufbaukurse Digitale Fotografie, Bildgestaltung, Lichtf\u00fchrung, Bildbearbeitung (Lightroom &amp; Adobe Photoshop), Naturfotografie, Portr\u00e4tfotografie, Presse &#8211; &amp; \u00d6ffentlichkeitsarbeit in Unternehmen, Reisefotografie, Produktfotografie &amp; Studiofotografie Ganztagesschulungen (Pressefotografie), Abendveranstaltungen, Wochenendtermine (Workshops &amp; Exkursionen) F\u00fcr Private, \u00d6ffentliche Einrichtungen, Unternehmen, Vereine &amp; Weiterbildungsorganisationen Bl\u00f6cke ab 8 &#8211; 12 &#8211; 16- 40Uh [&hellip;]<\/p>\n","protected":false},"author":1,"featured_media":0,"parent":44,"menu_order":4,"comment_status":"closed","ping_status":"open","template":"page-full_width.php","meta":[],"_links":{"self":[{"href":"https:\/\/kuadrat.at\/index.php?rest_route=\/wp\/v2\/pages\/247"}],"collection":[{"href":"https:\/\/kuadrat.at\/index.php?rest_route=\/wp\/v2\/pages"}],"about":[{"href":"https:\/\/kuadrat.at\/index.php?rest_route=\/wp\/v2\/types\/page"}],"author":[{"embeddable":true,"href":"https:\/\/kuadrat.at\/index.php?rest_route=\/wp\/v2\/users\/1"}],"replies":[{"embeddable":true,"href":"https:\/\/kuadrat.at\/index.php?rest_route=%2Fwp%2Fv2%2Fcomments&post=247"}],"version-history":[{"count":12,"href":"https:\/\/kuadrat.at\/index.php?rest_route=\/wp\/v2\/pages\/247\/revisions"}],"predecessor-version":[{"id":249,"href":"https:\/\/kuadrat.at\/index.php?rest_route=\/wp\/v2\/pages\/247\/revisions\/249"}],"up":[{"embeddable":true,"href":"https:\/\/kuadrat.at\/index.php?rest_route=\/wp\/v2\/pages\/44"}],"wp:attachment":[{"href":"https:\/\/kuadrat.at\/index.php?rest_route=%2Fwp%2Fv2%2Fmedia&parent=247"}],"curies":[{"name":"wp","href":"https:\/\/api.w.org\/{rel}","templated":true}]}}