{"id":232,"date":"2013-03-18T12:19:46","date_gmt":"2013-03-18T11:19:46","guid":{"rendered":"http:\/\/kuadrat.wegi.net\/?page_id=232"},"modified":"2013-03-18T13:51:05","modified_gmt":"2013-03-18T12:51:05","slug":"kuadrat-postproduktion","status":"publish","type":"page","link":"https:\/\/kuadrat.at\/?page_id=232","title":{"rendered":"KUADRAT Postprod."},"content":{"rendered":"<p>&nbsp;<\/p>\n<p>Professionelle Postproduktion mittels Adobe Lightroom und Adobe Photoshop CS holen das Maximum aus Ihren Fotos.<\/p>\n<p>Bei manchen Produktionen spielt der Zeitfaktor eine wesentliche Rolle. Standartisierte Workflows unterst\u00fctzen und beschleunigen die Arbeit.<\/p>\n<p>Farbtreue Arbeitsprozesse von der Aufnahme bis zur Weitergabe der Bilddatei an die Druckerei gen\u00fcgen h\u00f6chsten Anspr\u00fcchen von K\u00fcnstlern.<\/p>\n<p>Bei Bedarf unterst\u00fctzen wir Sie auch bei der Aufbereitung von Archivmaterial wie etwa bei Retuschen und allen Prozessen der Bildoptimierung.<\/p>\n<p>&nbsp;<\/p>\n<p><a href=\"http:\/\/kuadrat.wegi.net\/wp-content\/uploads\/2013\/03\/KUADRAT-KG-Vitrine-19.10.11-9.jpg\"><img loading=\"lazy\" class=\"alignnone size-large wp-image-126\" alt=\"KUADRAT KG Vitrine 19.10.11 (9)\" src=\"http:\/\/kuadrat.wegi.net\/wp-content\/uploads\/2013\/03\/KUADRAT-KG-Vitrine-19.10.11-9-1024x576.jpg\" width=\"630\" height=\"354\" srcset=\"https:\/\/kuadrat.at\/wp-content\/uploads\/2013\/03\/KUADRAT-KG-Vitrine-19.10.11-9-1024x576.jpg 1024w, https:\/\/kuadrat.at\/wp-content\/uploads\/2013\/03\/KUADRAT-KG-Vitrine-19.10.11-9-300x168.jpg 300w, https:\/\/kuadrat.at\/wp-content\/uploads\/2013\/03\/KUADRAT-KG-Vitrine-19.10.11-9.jpg 1920w\" sizes=\"(max-width: 630px) 100vw, 630px\" \/><\/a><\/p>\n","protected":false},"excerpt":{"rendered":"<p>&nbsp; Professionelle Postproduktion mittels Adobe Lightroom und Adobe Photoshop CS holen das Maximum aus Ihren Fotos. Bei manchen Produktionen spielt der Zeitfaktor eine wesentliche Rolle. Standartisierte Workflows unterst\u00fctzen und beschleunigen die Arbeit. Farbtreue Arbeitsprozesse von der Aufnahme bis zur Weitergabe der Bilddatei an die Druckerei gen\u00fcgen h\u00f6chsten Anspr\u00fcchen von K\u00fcnstlern. Bei Bedarf unterst\u00fctzen wir Sie [&hellip;]<\/p>\n","protected":false},"author":1,"featured_media":0,"parent":44,"menu_order":0,"comment_status":"closed","ping_status":"open","template":"page-full_width.php","meta":[],"_links":{"self":[{"href":"https:\/\/kuadrat.at\/index.php?rest_route=\/wp\/v2\/pages\/232"}],"collection":[{"href":"https:\/\/kuadrat.at\/index.php?rest_route=\/wp\/v2\/pages"}],"about":[{"href":"https:\/\/kuadrat.at\/index.php?rest_route=\/wp\/v2\/types\/page"}],"author":[{"embeddable":true,"href":"https:\/\/kuadrat.at\/index.php?rest_route=\/wp\/v2\/users\/1"}],"replies":[{"embeddable":true,"href":"https:\/\/kuadrat.at\/index.php?rest_route=%2Fwp%2Fv2%2Fcomments&post=232"}],"version-history":[{"count":8,"href":"https:\/\/kuadrat.at\/index.php?rest_route=\/wp\/v2\/pages\/232\/revisions"}],"predecessor-version":[{"id":235,"href":"https:\/\/kuadrat.at\/index.php?rest_route=\/wp\/v2\/pages\/232\/revisions\/235"}],"up":[{"embeddable":true,"href":"https:\/\/kuadrat.at\/index.php?rest_route=\/wp\/v2\/pages\/44"}],"wp:attachment":[{"href":"https:\/\/kuadrat.at\/index.php?rest_route=%2Fwp%2Fv2%2Fmedia&parent=232"}],"curies":[{"name":"wp","href":"https:\/\/api.w.org\/{rel}","templated":true}]}}