{"id":227,"date":"2013-03-18T12:10:59","date_gmt":"2013-03-18T11:10:59","guid":{"rendered":"http:\/\/kuadrat.wegi.net\/?page_id=227"},"modified":"2013-03-18T15:57:19","modified_gmt":"2013-03-18T14:57:19","slug":"kuadrat-fotografie","status":"publish","type":"page","link":"https:\/\/kuadrat.at\/?page_id=227","title":{"rendered":"KUADRAT Fotografie"},"content":{"rendered":"<p>&nbsp;<\/p>\n<p>KUADRAT ist Ihr professioneller Dienstleister, wenn es um Auftrags- PR- oder Werbefotografie geht.<\/p>\n<p>Eine kleine Auswahl an Arbeitsbeispielen finden sie unter Kunden &#8211; Portfolio<\/p>\n<p>Egal ob Architekturfotos f\u00fcr Sie als Architekten, Auftraggeber oder \u00f6ffentliche Einrichtung, Business-Portr\u00e4t oder Imagekampagne<\/p>\n<p>KUADRAT realisiert werbewirksame Fotos f\u00fcr Ihren Bedarf.<\/p>\n<p>Neben der Kamera sind es vor allem lichtstarke Objektive die bei der Umsetzung helfen.<\/p>\n<p>Ich arbeite mit Elinchrom Lichtequippment und kann selbst unter widrigen Lichtbedingungen optimale Bildresultate garantieren.<\/p>\n<p>&nbsp;<\/p>\n<p><a href=\"http:\/\/kuadrat.wegi.net\/wp-content\/uploads\/2013\/03\/KUADRAT-KG-Vitrine-19.10.11-35.jpg\"><img loading=\"lazy\" class=\"alignnone size-large wp-image-287\" alt=\"KUADRAT KG Vitrine 19.10.11 (35)\" src=\"http:\/\/kuadrat.wegi.net\/wp-content\/uploads\/2013\/03\/KUADRAT-KG-Vitrine-19.10.11-35-1024x576.jpg\" width=\"630\" height=\"354\" srcset=\"https:\/\/kuadrat.at\/wp-content\/uploads\/2013\/03\/KUADRAT-KG-Vitrine-19.10.11-35-1024x576.jpg 1024w, https:\/\/kuadrat.at\/wp-content\/uploads\/2013\/03\/KUADRAT-KG-Vitrine-19.10.11-35-300x168.jpg 300w, https:\/\/kuadrat.at\/wp-content\/uploads\/2013\/03\/KUADRAT-KG-Vitrine-19.10.11-35.jpg 1920w\" sizes=\"(max-width: 630px) 100vw, 630px\" \/><\/a><\/p>\n","protected":false},"excerpt":{"rendered":"<p>&nbsp; KUADRAT ist Ihr professioneller Dienstleister, wenn es um Auftrags- PR- oder Werbefotografie geht. Eine kleine Auswahl an Arbeitsbeispielen finden sie unter Kunden &#8211; Portfolio Egal ob Architekturfotos f\u00fcr Sie als Architekten, Auftraggeber oder \u00f6ffentliche Einrichtung, Business-Portr\u00e4t oder Imagekampagne KUADRAT realisiert werbewirksame Fotos f\u00fcr Ihren Bedarf. Neben der Kamera sind es vor allem lichtstarke Objektive [&hellip;]<\/p>\n","protected":false},"author":1,"featured_media":0,"parent":44,"menu_order":0,"comment_status":"closed","ping_status":"open","template":"page-full_width.php","meta":[],"_links":{"self":[{"href":"https:\/\/kuadrat.at\/index.php?rest_route=\/wp\/v2\/pages\/227"}],"collection":[{"href":"https:\/\/kuadrat.at\/index.php?rest_route=\/wp\/v2\/pages"}],"about":[{"href":"https:\/\/kuadrat.at\/index.php?rest_route=\/wp\/v2\/types\/page"}],"author":[{"embeddable":true,"href":"https:\/\/kuadrat.at\/index.php?rest_route=\/wp\/v2\/users\/1"}],"replies":[{"embeddable":true,"href":"https:\/\/kuadrat.at\/index.php?rest_route=%2Fwp%2Fv2%2Fcomments&post=227"}],"version-history":[{"count":9,"href":"https:\/\/kuadrat.at\/index.php?rest_route=\/wp\/v2\/pages\/227\/revisions"}],"predecessor-version":[{"id":304,"href":"https:\/\/kuadrat.at\/index.php?rest_route=\/wp\/v2\/pages\/227\/revisions\/304"}],"up":[{"embeddable":true,"href":"https:\/\/kuadrat.at\/index.php?rest_route=\/wp\/v2\/pages\/44"}],"wp:attachment":[{"href":"https:\/\/kuadrat.at\/index.php?rest_route=%2Fwp%2Fv2%2Fmedia&parent=227"}],"curies":[{"name":"wp","href":"https:\/\/api.w.org\/{rel}","templated":true}]}}